{"id":8958,"date":"2024-06-10T14:46:08","date_gmt":"2024-06-10T19:46:08","guid":{"rendered":"https:\/\/drwine.com.mx\/?post_type=product&#038;p=8958"},"modified":"2025-05-15T13:01:14","modified_gmt":"2025-05-15T18:01:14","slug":"francois-lurton-la-la-la-tintoorg","status":"publish","type":"product","link":"https:\/\/drwine.com.mx\/en\/product\/francois-lurton-la-la-la-tintoorg\/","title":{"rendered":"FRANCOIS LURTON L\u00e1 L\u00e1 &#038; L\u00e1 Tinto Org\u00e1nico."},"content":{"rendered":"<p><strong style=\"font-weight: normal;\">FRANCOIS LURTON L\u00e1 L\u00e1 &amp; L\u00e1 Organic Red Wine. An ideal organic red wine to pair with cheese boards, especially those with cheeses like brie or camembert. Also suitable for charcuterie, tuna with berry sauce, mushroom risotto, and paella. Chocolate and cherry cake with berries.<\/strong><\/p>","protected":false},"excerpt":{"rendered":"<p>2023<\/p>","protected":false},"featured_media":9305,"comment_status":"closed","ping_status":"closed","template":"","meta":[],"product_brand":[],"product_cat":[435,16],"product_tag":[],"cerveza":[],"tipo-de-destilado":[],"maridaje":[],"festividad":[],"tipo-0":[],"tipo-de-agua":[],"recomendaciones":[],"bodega":[499],"tipo-de-uva":[317],"paisregion":[351,501],"cantidad-de-botellas":[],"tipo-de-vino":[304],"class_list":{"0":"post-8958","1":"product","2":"type-product","3":"status-publish","4":"has-post-thumbnail","6":"product_cat-vinos-biodinamicos","7":"product_cat-tienda-de-vinos-vino-espumoso-tinto-blanco-rosado","8":"bodega-hermanos-lurton","9":"tipo-de-uva-blend","10":"paisregion-francia","11":"paisregion-vin-de-france","12":"tipo-de-vino-tinto","14":"first","15":"instock","16":"taxable","17":"shipping-taxable","18":"purchasable","19":"product-type-simple"},"yoast_head":"<!-- This site is optimized with the Yoast SEO plugin v27.5 - https:\/\/yoast.com\/product\/yoast-seo-wordpress\/ -->\n<title>FRANCOIS LURTON L\u00e1 L\u00e1 &amp; L\u00e1 Tinto Org\u00e1nico. &#8226; Dr Wine<\/title>\n<meta name=\"description\" content=\"FRANCOIS LURTON L\u00e1 L\u00e1 &amp; L\u00e1 Tinto Org\u00e1nico es un vino tinto org\u00e1nico de origen frances, encuentralo en Dr Wine disponible para venta a domicilio.\" \/>\n<meta name=\"robots\" content=\"index, follow, max-snippet:-1, max-image-preview:large, max-video-preview:-1\" \/>\n<link rel=\"canonical\" href=\"https:\/\/drwine.com.mx\/en\/product\/francois-lurton-la-la-la-tintoorg\/\" \/>\n<meta property=\"og:locale\" content=\"en_US\" \/>\n<meta property=\"og:type\" content=\"article\" \/>\n<meta property=\"og:title\" content=\"FRANCOIS LURTON L\u00e1 L\u00e1 &amp; L\u00e1 Tinto Org\u00e1nico. &#8226; Dr Wine\" \/>\n<meta property=\"og:description\" content=\"FRANCOIS LURTON L\u00e1 L\u00e1 &amp; L\u00e1 Tinto Org\u00e1nico es un vino tinto org\u00e1nico de origen frances, encuentralo en Dr Wine disponible para venta a domicilio.\" \/>\n<meta property=\"og:url\" content=\"https:\/\/drwine.com.mx\/en\/product\/francois-lurton-la-la-la-tintoorg\/\" \/>\n<meta property=\"og:site_name\" content=\"Dr Wine\" \/>\n<meta property=\"article:publisher\" content=\"https:\/\/www.facebook.com\/Dr-Wine-110103141329292\" \/>\n<meta property=\"article:modified_time\" content=\"2025-05-15T18:01:14+00:00\" \/>\n<meta property=\"og:image\" content=\"https:\/\/drwine.com.mx\/wp-content\/uploads\/2024\/06\/LA-LA-Y-LA.webp\" \/>\n\t<meta property=\"og:image:width\" content=\"800\" \/>\n\t<meta property=\"og:image:height\" content=\"800\" \/>\n\t<meta property=\"og:image:type\" content=\"image\/webp\" \/>\n<meta name=\"twitter:card\" content=\"summary_large_image\" \/>\n<meta name=\"twitter:label1\" content=\"Est. reading time\" \/>\n\t<meta name=\"twitter:data1\" content=\"1 minute\" \/>\n<script type=\"application\/ld+json\" class=\"yoast-schema-graph\">{\"@context\":\"https:\\\/\\\/schema.org\",\"@graph\":[{\"@type\":\"WebPage\",\"@id\":\"https:\\\/\\\/drwine.com.mx\\\/producto\\\/francois-lurton-la-la-la-tintoorg\\\/\",\"url\":\"https:\\\/\\\/drwine.com.mx\\\/producto\\\/francois-lurton-la-la-la-tintoorg\\\/\",\"name\":\"FRANCOIS LURTON L\u00e1 L\u00e1 & L\u00e1 Tinto Org\u00e1nico. &#8226; Dr Wine\",\"isPartOf\":{\"@id\":\"https:\\\/\\\/drwine.com.mx\\\/#website\"},\"primaryImageOfPage\":{\"@id\":\"https:\\\/\\\/drwine.com.mx\\\/producto\\\/francois-lurton-la-la-la-tintoorg\\\/#primaryimage\"},\"image\":{\"@id\":\"https:\\\/\\\/drwine.com.mx\\\/producto\\\/francois-lurton-la-la-la-tintoorg\\\/#primaryimage\"},\"thumbnailUrl\":\"https:\\\/\\\/drwine.com.mx\\\/wp-content\\\/uploads\\\/2024\\\/06\\\/LA-LA-Y-LA.webp\",\"datePublished\":\"2024-06-10T19:46:08+00:00\",\"dateModified\":\"2025-05-15T18:01:14+00:00\",\"description\":\"FRANCOIS LURTON L\u00e1 L\u00e1 & L\u00e1 Tinto Org\u00e1nico es un vino tinto org\u00e1nico de origen frances, encuentralo en Dr Wine disponible para venta a domicilio.\",\"breadcrumb\":{\"@id\":\"https:\\\/\\\/drwine.com.mx\\\/producto\\\/francois-lurton-la-la-la-tintoorg\\\/#breadcrumb\"},\"inLanguage\":\"en-US\",\"potentialAction\":[{\"@type\":\"ReadAction\",\"target\":[\"https:\\\/\\\/drwine.com.mx\\\/producto\\\/francois-lurton-la-la-la-tintoorg\\\/\"]}]},{\"@type\":\"ImageObject\",\"inLanguage\":\"en-US\",\"@id\":\"https:\\\/\\\/drwine.com.mx\\\/producto\\\/francois-lurton-la-la-la-tintoorg\\\/#primaryimage\",\"url\":\"https:\\\/\\\/drwine.com.mx\\\/wp-content\\\/uploads\\\/2024\\\/06\\\/LA-LA-Y-LA.webp\",\"contentUrl\":\"https:\\\/\\\/drwine.com.mx\\\/wp-content\\\/uploads\\\/2024\\\/06\\\/LA-LA-Y-LA.webp\",\"width\":800,\"height\":800,\"caption\":\"LA LA Y LA\"},{\"@type\":\"BreadcrumbList\",\"@id\":\"https:\\\/\\\/drwine.com.mx\\\/producto\\\/francois-lurton-la-la-la-tintoorg\\\/#breadcrumb\",\"itemListElement\":[{\"@type\":\"ListItem\",\"position\":1,\"name\":\"Vinos\",\"item\":\"https:\\\/\\\/drwine.com.mx\\\/\"},{\"@type\":\"ListItem\",\"position\":2,\"name\":\"Productos\",\"item\":\"https:\\\/\\\/drwine.com.mx\\\/elementor-4866\\\/\"},{\"@type\":\"ListItem\",\"position\":3,\"name\":\"FRANCOIS LURTON L\u00e1 L\u00e1 &#038; L\u00e1 Tinto Org\u00e1nico.\"}]},{\"@type\":\"WebSite\",\"@id\":\"https:\\\/\\\/drwine.com.mx\\\/#website\",\"url\":\"https:\\\/\\\/drwine.com.mx\\\/\",\"name\":\"Dr Wine\",\"description\":\"Tienda de Vinos en Playa del Carmen y Cancun\",\"publisher\":{\"@id\":\"https:\\\/\\\/drwine.com.mx\\\/#organization\"},\"alternateName\":\"Vinos de Playa del Carmen\",\"potentialAction\":[{\"@type\":\"SearchAction\",\"target\":{\"@type\":\"EntryPoint\",\"urlTemplate\":\"https:\\\/\\\/drwine.com.mx\\\/?s={search_term_string}\"},\"query-input\":{\"@type\":\"PropertyValueSpecification\",\"valueRequired\":true,\"valueName\":\"search_term_string\"}}],\"inLanguage\":\"en-US\"},{\"@type\":\"Organization\",\"@id\":\"https:\\\/\\\/drwine.com.mx\\\/#organization\",\"name\":\"Dr Wine\",\"alternateName\":\"Drwine\",\"url\":\"https:\\\/\\\/drwine.com.mx\\\/\",\"logo\":{\"@type\":\"ImageObject\",\"inLanguage\":\"en-US\",\"@id\":\"https:\\\/\\\/drwine.com.mx\\\/#\\\/schema\\\/logo\\\/image\\\/\",\"url\":\"https:\\\/\\\/drwine.com.mx\\\/wp-content\\\/uploads\\\/2021\\\/04\\\/Logo-03.png\",\"contentUrl\":\"https:\\\/\\\/drwine.com.mx\\\/wp-content\\\/uploads\\\/2021\\\/04\\\/Logo-03.png\",\"width\":1028,\"height\":675,\"caption\":\"Dr Wine\"},\"image\":{\"@id\":\"https:\\\/\\\/drwine.com.mx\\\/#\\\/schema\\\/logo\\\/image\\\/\"},\"sameAs\":[\"https:\\\/\\\/www.facebook.com\\\/Dr-Wine-110103141329292\"]}]}<\/script>\n<!-- \/ Yoast SEO plugin. -->","yoast_head_json":{"title":"FRANCOIS LURTON L\u00e1 L\u00e1 & L\u00e1 Tinto Org\u00e1nico. &#8226; Dr Wine","description":"FRANCOIS LURTON L\u00e1 L\u00e1 & L\u00e1 Tinto Org\u00e1nico es un vino tinto org\u00e1nico de origen frances, encuentralo en Dr Wine disponible para venta a domicilio.","robots":{"index":"index","follow":"follow","max-snippet":"max-snippet:-1","max-image-preview":"max-image-preview:large","max-video-preview":"max-video-preview:-1"},"canonical":"https:\/\/drwine.com.mx\/en\/product\/francois-lurton-la-la-la-tintoorg\/","og_locale":"en_US","og_type":"article","og_title":"FRANCOIS LURTON L\u00e1 L\u00e1 & L\u00e1 Tinto Org\u00e1nico. &#8226; Dr Wine","og_description":"FRANCOIS LURTON L\u00e1 L\u00e1 & L\u00e1 Tinto Org\u00e1nico es un vino tinto org\u00e1nico de origen frances, encuentralo en Dr Wine disponible para venta a domicilio.","og_url":"https:\/\/drwine.com.mx\/en\/product\/francois-lurton-la-la-la-tintoorg\/","og_site_name":"Dr Wine","article_publisher":"https:\/\/www.facebook.com\/Dr-Wine-110103141329292","article_modified_time":"2025-05-15T18:01:14+00:00","og_image":[{"width":800,"height":800,"url":"https:\/\/drwine.com.mx\/wp-content\/uploads\/2024\/06\/LA-LA-Y-LA.webp","type":"image\/webp"}],"twitter_card":"summary_large_image","twitter_misc":{"Est. reading time":"1 minute"},"schema":{"@context":"https:\/\/schema.org","@graph":[{"@type":"WebPage","@id":"https:\/\/drwine.com.mx\/producto\/francois-lurton-la-la-la-tintoorg\/","url":"https:\/\/drwine.com.mx\/producto\/francois-lurton-la-la-la-tintoorg\/","name":"FRANCOIS LURTON L\u00e1 L\u00e1 & L\u00e1 Tinto Org\u00e1nico. &#8226; Dr Wine","isPartOf":{"@id":"https:\/\/drwine.com.mx\/#website"},"primaryImageOfPage":{"@id":"https:\/\/drwine.com.mx\/producto\/francois-lurton-la-la-la-tintoorg\/#primaryimage"},"image":{"@id":"https:\/\/drwine.com.mx\/producto\/francois-lurton-la-la-la-tintoorg\/#primaryimage"},"thumbnailUrl":"https:\/\/drwine.com.mx\/wp-content\/uploads\/2024\/06\/LA-LA-Y-LA.webp","datePublished":"2024-06-10T19:46:08+00:00","dateModified":"2025-05-15T18:01:14+00:00","description":"FRANCOIS LURTON L\u00e1 L\u00e1 & L\u00e1 Tinto Org\u00e1nico es un vino tinto org\u00e1nico de origen frances, encuentralo en Dr Wine disponible para venta a domicilio.","breadcrumb":{"@id":"https:\/\/drwine.com.mx\/producto\/francois-lurton-la-la-la-tintoorg\/#breadcrumb"},"inLanguage":"en-US","potentialAction":[{"@type":"ReadAction","target":["https:\/\/drwine.com.mx\/producto\/francois-lurton-la-la-la-tintoorg\/"]}]},{"@type":"ImageObject","inLanguage":"en-US","@id":"https:\/\/drwine.com.mx\/producto\/francois-lurton-la-la-la-tintoorg\/#primaryimage","url":"https:\/\/drwine.com.mx\/wp-content\/uploads\/2024\/06\/LA-LA-Y-LA.webp","contentUrl":"https:\/\/drwine.com.mx\/wp-content\/uploads\/2024\/06\/LA-LA-Y-LA.webp","width":800,"height":800,"caption":"LA LA Y LA"},{"@type":"BreadcrumbList","@id":"https:\/\/drwine.com.mx\/producto\/francois-lurton-la-la-la-tintoorg\/#breadcrumb","itemListElement":[{"@type":"ListItem","position":1,"name":"Vinos","item":"https:\/\/drwine.com.mx\/"},{"@type":"ListItem","position":2,"name":"Productos","item":"https:\/\/drwine.com.mx\/elementor-4866\/"},{"@type":"ListItem","position":3,"name":"FRANCOIS LURTON L\u00e1 L\u00e1 &#038; L\u00e1 Tinto Org\u00e1nico."}]},{"@type":"WebSite","@id":"https:\/\/drwine.com.mx\/#website","url":"https:\/\/drwine.com.mx\/","name":"Dr Wine","description":"Tienda de Vinos en Playa del Carmen y Cancun","publisher":{"@id":"https:\/\/drwine.com.mx\/#organization"},"alternateName":"Vinos de Playa del Carmen","potentialAction":[{"@type":"SearchAction","target":{"@type":"EntryPoint","urlTemplate":"https:\/\/drwine.com.mx\/?s={search_term_string}"},"query-input":{"@type":"PropertyValueSpecification","valueRequired":true,"valueName":"search_term_string"}}],"inLanguage":"en-US"},{"@type":"Organization","@id":"https:\/\/drwine.com.mx\/#organization","name":"Dr Wine","alternateName":"Drwine","url":"https:\/\/drwine.com.mx\/","logo":{"@type":"ImageObject","inLanguage":"en-US","@id":"https:\/\/drwine.com.mx\/#\/schema\/logo\/image\/","url":"https:\/\/drwine.com.mx\/wp-content\/uploads\/2021\/04\/Logo-03.png","contentUrl":"https:\/\/drwine.com.mx\/wp-content\/uploads\/2021\/04\/Logo-03.png","width":1028,"height":675,"caption":"Dr Wine"},"image":{"@id":"https:\/\/drwine.com.mx\/#\/schema\/logo\/image\/"},"sameAs":["https:\/\/www.facebook.com\/Dr-Wine-110103141329292"]}]}},"jetpack_sharing_enabled":true,"_links":{"self":[{"href":"https:\/\/drwine.com.mx\/en\/wp-json\/wp\/v2\/product\/8958","targetHints":{"allow":["GET"]}}],"collection":[{"href":"https:\/\/drwine.com.mx\/en\/wp-json\/wp\/v2\/product"}],"about":[{"href":"https:\/\/drwine.com.mx\/en\/wp-json\/wp\/v2\/types\/product"}],"replies":[{"embeddable":true,"href":"https:\/\/drwine.com.mx\/en\/wp-json\/wp\/v2\/comments?post=8958"}],"wp:featuredmedia":[{"embeddable":true,"href":"https:\/\/drwine.com.mx\/en\/wp-json\/wp\/v2\/media\/9305"}],"wp:attachment":[{"href":"https:\/\/drwine.com.mx\/en\/wp-json\/wp\/v2\/media?parent=8958"}],"wp:term":[{"taxonomy":"product_brand","embeddable":true,"href":"https:\/\/drwine.com.mx\/en\/wp-json\/wp\/v2\/product_brand?post=8958"},{"taxonomy":"product_cat","embeddable":true,"href":"https:\/\/drwine.com.mx\/en\/wp-json\/wp\/v2\/product_cat?post=8958"},{"taxonomy":"product_tag","embeddable":true,"href":"https:\/\/drwine.com.mx\/en\/wp-json\/wp\/v2\/product_tag?post=8958"},{"taxonomy":"cerveza","embeddable":true,"href":"https:\/\/drwine.com.mx\/en\/wp-json\/wp\/v2\/cerveza?post=8958"},{"taxonomy":"tipo-de-destilado","embeddable":true,"href":"https:\/\/drwine.com.mx\/en\/wp-json\/wp\/v2\/tipo-de-destilado?post=8958"},{"taxonomy":"maridaje","embeddable":true,"href":"https:\/\/drwine.com.mx\/en\/wp-json\/wp\/v2\/maridaje?post=8958"},{"taxonomy":"festividad","embeddable":true,"href":"https:\/\/drwine.com.mx\/en\/wp-json\/wp\/v2\/festividad?post=8958"},{"taxonomy":"tipo-0","embeddable":true,"href":"https:\/\/drwine.com.mx\/en\/wp-json\/wp\/v2\/tipo-0?post=8958"},{"taxonomy":"tipo-de-agua","embeddable":true,"href":"https:\/\/drwine.com.mx\/en\/wp-json\/wp\/v2\/tipo-de-agua?post=8958"},{"taxonomy":"recomendaciones","embeddable":true,"href":"https:\/\/drwine.com.mx\/en\/wp-json\/wp\/v2\/recomendaciones?post=8958"},{"taxonomy":"bodega","embeddable":true,"href":"https:\/\/drwine.com.mx\/en\/wp-json\/wp\/v2\/bodega?post=8958"},{"taxonomy":"tipo-de-uva","embeddable":true,"href":"https:\/\/drwine.com.mx\/en\/wp-json\/wp\/v2\/tipo-de-uva?post=8958"},{"taxonomy":"paisregion","embeddable":true,"href":"https:\/\/drwine.com.mx\/en\/wp-json\/wp\/v2\/paisregion?post=8958"},{"taxonomy":"cantidad-de-botellas","embeddable":true,"href":"https:\/\/drwine.com.mx\/en\/wp-json\/wp\/v2\/cantidad-de-botellas?post=8958"},{"taxonomy":"tipo-de-vino","embeddable":true,"href":"https:\/\/drwine.com.mx\/en\/wp-json\/wp\/v2\/tipo-de-vino?post=8958"}],"curies":[{"name":"wp","href":"https:\/\/api.w.org\/{rel}","templated":true}]}}