{"id":14,"date":"2021-04-14T20:54:24","date_gmt":"2021-04-14T20:54:24","guid":{"rendered":"http:\/\/drwine.smilemkt.wnpower.host\/carrito\/"},"modified":"2024-05-11T09:51:35","modified_gmt":"2024-05-11T14:51:35","slug":"carrito","status":"publish","type":"page","link":"https:\/\/drwine.com.mx\/en\/carrito\/","title":{"rendered":"Carrito"},"content":{"rendered":"<div data-elementor-type=\"wp-page\" data-elementor-id=\"14\" class=\"elementor elementor-14\" data-elementor-post-type=\"page\">\n\t\t\t\t\t\t<section class=\"elementor-section elementor-top-section elementor-element elementor-element-4b1ac9a elementor-section-boxed elementor-section-height-default elementor-section-height-default\" data-id=\"4b1ac9a\" data-element_type=\"section\" data-settings=\"{&quot;background_background&quot;:&quot;classic&quot;}\">\n\t\t\t\t\t\t<div class=\"elementor-container elementor-column-gap-default\">\n\t\t\t\t\t<div class=\"elementor-column elementor-col-100 elementor-top-column elementor-element elementor-element-5cd497b6\" data-id=\"5cd497b6\" data-element_type=\"column\">\n\t\t\t<div class=\"elementor-widget-wrap elementor-element-populated\">\n\t\t\t\t\t\t<div class=\"elementor-element elementor-element-ab86b4c elementor-mobile-align-center elementor-widget elementor-widget-button\" data-id=\"ab86b4c\" data-element_type=\"widget\" data-widget_type=\"button.default\">\n\t\t\t\t<div class=\"elementor-widget-container\">\n\t\t\t\t\t\t\t\t\t<div class=\"elementor-button-wrapper\">\n\t\t\t\t\t<a class=\"elementor-button elementor-button-link elementor-size-sm\" href=\"https:\/\/drwine.com.mx\/en\/carrito\/#cxecrt-save-cart\">\n\t\t\t\t\t\t<span class=\"elementor-button-content-wrapper\">\n\t\t\t\t\t\t<span class=\"elementor-button-icon\">\n\t\t\t\t<svg aria-hidden=\"true\" class=\"e-font-icon-svg e-fas-share-alt\" viewbox=\"0 0 448 512\" xmlns=\"http:\/\/www.w3.org\/2000\/svg\"><path d=\"M352 320c-22.608 0-43.387 7.819-59.79 20.895l-102.486-64.054a96.551 96.551 0 0 0 0-41.683l102.486-64.054C308.613 184.181 329.392 192 352 192c53.019 0 96-42.981 96-96S405.019 0 352 0s-96 42.981-96 96c0 7.158.79 14.13 2.276 20.841L155.79 180.895C139.387 167.819 118.608 160 96 160c-53.019 0-96 42.981-96 96s42.981 96 96 96c22.608 0 43.387-7.819 59.79-20.895l102.486 64.054A96.301 96.301 0 0 0 256 416c0 53.019 42.981 96 96 96s96-42.981 96-96-42.981-96-96-96z\"><\/path><\/svg>\t\t\t<\/span>\n\t\t\t\t\t\t\t\t\t<span class=\"elementor-button-text\">Share cart<\/span>\n\t\t\t\t\t<\/span>\n\t\t\t\t\t<\/a>\n\t\t\t\t<\/div>\n\t\t\t\t\t\t\t\t<\/div>\n\t\t\t\t<\/div>\n\t\t\t\t<div class=\"elementor-element elementor-element-280c1c9 elementor-widget elementor-widget-text-editor\" data-id=\"280c1c9\" data-element_type=\"widget\" id=\"12\" data-widget_type=\"text-editor.default\">\n\t\t\t\t<div class=\"elementor-widget-container\">\n\t\t\t\t\t\t\t\t\t<p><\/p>\t\t\t\t\t\t\t\t<\/div>\n\t\t\t\t<\/div>\n\t\t\t\t\t<\/div>\n\t\t<\/div>\n\t\t\t\t\t<\/div>\n\t\t<\/section>\n\t\t\t\t<section class=\"elementor-section elementor-top-section elementor-element elementor-element-774b846 elementor-section-boxed elementor-section-height-default elementor-section-height-default\" data-id=\"774b846\" data-element_type=\"section\" data-settings=\"{&quot;background_background&quot;:&quot;classic&quot;}\">\n\t\t\t\t\t\t<div class=\"elementor-container elementor-column-gap-default\">\n\t\t\t\t\t<div class=\"elementor-column elementor-col-25 elementor-top-column elementor-element elementor-element-a970307\" data-id=\"a970307\" data-element_type=\"column\">\n\t\t\t<div class=\"elementor-widget-wrap elementor-element-populated\">\n\t\t\t\t\t\t<div class=\"elementor-element elementor-element-2c0a55e elementor-position-left elementor-vertical-align-middle elementor-widget elementor-widget-image-box\" data-id=\"2c0a55e\" data-element_type=\"widget\" data-widget_type=\"image-box.default\">\n\t\t\t\t<div class=\"elementor-widget-container\">\n\t\t\t\t\t<div class=\"elementor-image-box-wrapper\"><figure class=\"elementor-image-box-img\"><img decoding=\"async\" width=\"60\" height=\"48\" src=\"https:\/\/drwine.com.mx\/wp-content\/uploads\/2021\/04\/icono-envio-gratis.png\" class=\"attachment-full size-full wp-image-51\" alt=\"\" \/><\/figure><div class=\"elementor-image-box-content\"><h3 class=\"elementor-image-box-title\">FREE SHIPPING<\/h3><p class=\"elementor-image-box-description\">Nationwide for orders of $2,800 pesos or more. <\/p><\/div><\/div>\t\t\t\t<\/div>\n\t\t\t\t<\/div>\n\t\t\t\t\t<\/div>\n\t\t<\/div>\n\t\t\t\t<div class=\"elementor-column elementor-col-25 elementor-top-column elementor-element elementor-element-6347e3c\" data-id=\"6347e3c\" data-element_type=\"column\">\n\t\t\t<div class=\"elementor-widget-wrap elementor-element-populated\">\n\t\t\t\t\t\t<div class=\"elementor-element elementor-element-6b11024 elementor-position-left elementor-vertical-align-middle elementor-widget elementor-widget-image-box\" data-id=\"6b11024\" data-element_type=\"widget\" data-widget_type=\"image-box.default\">\n\t\t\t\t<div class=\"elementor-widget-container\">\n\t\t\t\t\t<div class=\"elementor-image-box-wrapper\"><figure class=\"elementor-image-box-img\"><img decoding=\"async\" width=\"59\" height=\"47\" src=\"https:\/\/drwine.com.mx\/wp-content\/uploads\/2021\/04\/icono-tiempo-de-entrega.png\" class=\"attachment-full size-full wp-image-52\" alt=\"\" \/><\/figure><div class=\"elementor-image-box-content\"><h3 class=\"elementor-image-box-title\">DELIVERY TIME<\/h3><p class=\"elementor-image-box-description\">We deliver within 3 to 7 business days.<\/p><\/div><\/div>\t\t\t\t<\/div>\n\t\t\t\t<\/div>\n\t\t\t\t\t<\/div>\n\t\t<\/div>\n\t\t\t\t<div class=\"elementor-column elementor-col-25 elementor-top-column elementor-element elementor-element-c0ec3f9\" data-id=\"c0ec3f9\" data-element_type=\"column\">\n\t\t\t<div class=\"elementor-widget-wrap elementor-element-populated\">\n\t\t\t\t\t\t<div class=\"elementor-element elementor-element-4c65a3c elementor-position-left elementor-vertical-align-middle elementor-widget elementor-widget-image-box\" data-id=\"4c65a3c\" data-element_type=\"widget\" data-widget_type=\"image-box.default\">\n\t\t\t\t<div class=\"elementor-widget-container\">\n\t\t\t\t\t<div class=\"elementor-image-box-wrapper\"><figure class=\"elementor-image-box-img\"><img decoding=\"async\" width=\"27\" height=\"74\" src=\"https:\/\/drwine.com.mx\/wp-content\/uploads\/2021\/04\/icono-devolucion.png\" class=\"attachment-full size-full wp-image-53\" alt=\"\" \/><\/figure><div class=\"elementor-image-box-content\"><h3 class=\"elementor-image-box-title\">RETURN<\/h3><p class=\"elementor-image-box-description\">If a bottle arrives broken during shipment, we will replace it immediately.<\/p><\/div><\/div>\t\t\t\t<\/div>\n\t\t\t\t<\/div>\n\t\t\t\t\t<\/div>\n\t\t<\/div>\n\t\t\t\t<div class=\"elementor-column elementor-col-25 elementor-top-column elementor-element elementor-element-7c92fde\" data-id=\"7c92fde\" data-element_type=\"column\">\n\t\t\t<div class=\"elementor-widget-wrap elementor-element-populated\">\n\t\t\t\t\t\t<div class=\"elementor-element elementor-element-a3c6672 elementor-position-left elementor-vertical-align-middle elementor-widget elementor-widget-image-box\" data-id=\"a3c6672\" data-element_type=\"widget\" data-widget_type=\"image-box.default\">\n\t\t\t\t<div class=\"elementor-widget-container\">\n\t\t\t\t\t<div class=\"elementor-image-box-wrapper\"><figure class=\"elementor-image-box-img\"><img loading=\"lazy\" decoding=\"async\" width=\"57\" height=\"50\" src=\"https:\/\/drwine.com.mx\/wp-content\/uploads\/2021\/04\/icono-pregunta.png\" class=\"attachment-full size-full wp-image-54\" alt=\"\" \/><\/figure><div class=\"elementor-image-box-content\"><h3 class=\"elementor-image-box-title\">QUESTIONS?<\/h3><p class=\"elementor-image-box-description\">Write to us at info@drwine.com\nand we'll answer all your\nquestions.<\/p><\/div><\/div>\t\t\t\t<\/div>\n\t\t\t\t<\/div>\n\t\t\t\t\t<\/div>\n\t\t<\/div>\n\t\t\t\t\t<\/div>\n\t\t<\/section>\n\t\t\t\t<\/div>","protected":false},"excerpt":{"rendered":"<p>Compartir carrito ENV\u00cdO GRATIS A todo el pa\u00eds en pedidos de $2,800 pesos o m\u00e1s. TIEMPO DE ENTREGA Entregamos de 3 a 7 d\u00edas h\u00e1biles. DEVOLUCI\u00d3N Si en el envio alguna botella llega rota, te la reponemos inmediatamente \u00bfPREGUNTAS? Escr\u00edbenos a info@drwine.com y resolveremos todas tus dudas.<\/p>","protected":false},"author":91,"featured_media":0,"parent":0,"menu_order":0,"comment_status":"closed","ping_status":"closed","template":"","meta":{"footnotes":""},"class_list":["post-14","page","type-page","status-publish","hentry"],"yoast_head":"<!-- This site is optimized with the Yoast SEO plugin v27.3 - https:\/\/yoast.com\/product\/yoast-seo-wordpress\/ -->\n<title>Carrito &#8226; Dr Wine<\/title>\n<meta name=\"description\" content=\"Carrito\" \/>\n<meta name=\"robots\" content=\"index, follow, max-snippet:-1, max-image-preview:large, max-video-preview:-1\" \/>\n<link rel=\"canonical\" href=\"https:\/\/drwine.com.mx\/en\/carrito\/\" \/>\n<meta property=\"og:locale\" content=\"en_US\" \/>\n<meta property=\"og:type\" content=\"article\" \/>\n<meta property=\"og:title\" content=\"Carrito &#8226; Dr Wine\" \/>\n<meta property=\"og:description\" content=\"Carrito\" \/>\n<meta property=\"og:url\" content=\"https:\/\/drwine.com.mx\/en\/carrito\/\" \/>\n<meta property=\"og:site_name\" content=\"Dr Wine\" \/>\n<meta property=\"article:publisher\" content=\"https:\/\/www.facebook.com\/Dr-Wine-110103141329292\" \/>\n<meta property=\"article:modified_time\" content=\"2024-05-11T14:51:35+00:00\" \/>\n<meta property=\"og:image\" content=\"https:\/\/drwine.com.mx\/wp-content\/uploads\/2021\/04\/icono-envio-gratis.png\" \/>\n<meta name=\"twitter:card\" content=\"summary_large_image\" \/>\n<meta name=\"twitter:label1\" content=\"Est. reading time\" \/>\n\t<meta name=\"twitter:data1\" content=\"2 minutes\" \/>\n<script type=\"application\/ld+json\" class=\"yoast-schema-graph\">{\"@context\":\"https:\\\/\\\/schema.org\",\"@graph\":[{\"@type\":\"WebPage\",\"@id\":\"https:\\\/\\\/drwine.com.mx\\\/carrito\\\/\",\"url\":\"https:\\\/\\\/drwine.com.mx\\\/carrito\\\/\",\"name\":\"Carrito &#8226; Dr Wine\",\"isPartOf\":{\"@id\":\"https:\\\/\\\/drwine.com.mx\\\/#website\"},\"primaryImageOfPage\":{\"@id\":\"https:\\\/\\\/drwine.com.mx\\\/carrito\\\/#primaryimage\"},\"image\":{\"@id\":\"https:\\\/\\\/drwine.com.mx\\\/carrito\\\/#primaryimage\"},\"thumbnailUrl\":\"https:\\\/\\\/drwine.com.mx\\\/wp-content\\\/uploads\\\/2021\\\/04\\\/icono-envio-gratis.png\",\"datePublished\":\"2021-04-14T20:54:24+00:00\",\"dateModified\":\"2024-05-11T14:51:35+00:00\",\"description\":\"Carrito\",\"breadcrumb\":{\"@id\":\"https:\\\/\\\/drwine.com.mx\\\/carrito\\\/#breadcrumb\"},\"inLanguage\":\"en-US\",\"potentialAction\":[{\"@type\":\"ReadAction\",\"target\":[\"https:\\\/\\\/drwine.com.mx\\\/carrito\\\/\"]}]},{\"@type\":\"ImageObject\",\"inLanguage\":\"en-US\",\"@id\":\"https:\\\/\\\/drwine.com.mx\\\/carrito\\\/#primaryimage\",\"url\":\"https:\\\/\\\/drwine.com.mx\\\/wp-content\\\/uploads\\\/2021\\\/04\\\/icono-envio-gratis.png\",\"contentUrl\":\"https:\\\/\\\/drwine.com.mx\\\/wp-content\\\/uploads\\\/2021\\\/04\\\/icono-envio-gratis.png\"},{\"@type\":\"BreadcrumbList\",\"@id\":\"https:\\\/\\\/drwine.com.mx\\\/carrito\\\/#breadcrumb\",\"itemListElement\":[{\"@type\":\"ListItem\",\"position\":1,\"name\":\"Vinos\",\"item\":\"https:\\\/\\\/drwine.com.mx\\\/\"},{\"@type\":\"ListItem\",\"position\":2,\"name\":\"Carrito\"}]},{\"@type\":\"WebSite\",\"@id\":\"https:\\\/\\\/drwine.com.mx\\\/#website\",\"url\":\"https:\\\/\\\/drwine.com.mx\\\/\",\"name\":\"Dr Wine\",\"description\":\"Tienda de Vinos en Playa del Carmen y Cancun\",\"publisher\":{\"@id\":\"https:\\\/\\\/drwine.com.mx\\\/#organization\"},\"alternateName\":\"Vinos de Playa del Carmen\",\"potentialAction\":[{\"@type\":\"SearchAction\",\"target\":{\"@type\":\"EntryPoint\",\"urlTemplate\":\"https:\\\/\\\/drwine.com.mx\\\/?s={search_term_string}\"},\"query-input\":{\"@type\":\"PropertyValueSpecification\",\"valueRequired\":true,\"valueName\":\"search_term_string\"}}],\"inLanguage\":\"en-US\"},{\"@type\":\"Organization\",\"@id\":\"https:\\\/\\\/drwine.com.mx\\\/#organization\",\"name\":\"Dr Wine\",\"alternateName\":\"Drwine\",\"url\":\"https:\\\/\\\/drwine.com.mx\\\/\",\"logo\":{\"@type\":\"ImageObject\",\"inLanguage\":\"en-US\",\"@id\":\"https:\\\/\\\/drwine.com.mx\\\/#\\\/schema\\\/logo\\\/image\\\/\",\"url\":\"https:\\\/\\\/drwine.com.mx\\\/wp-content\\\/uploads\\\/2021\\\/04\\\/Logo-03.png\",\"contentUrl\":\"https:\\\/\\\/drwine.com.mx\\\/wp-content\\\/uploads\\\/2021\\\/04\\\/Logo-03.png\",\"width\":1028,\"height\":675,\"caption\":\"Dr Wine\"},\"image\":{\"@id\":\"https:\\\/\\\/drwine.com.mx\\\/#\\\/schema\\\/logo\\\/image\\\/\"},\"sameAs\":[\"https:\\\/\\\/www.facebook.com\\\/Dr-Wine-110103141329292\"]}]}<\/script>\n<!-- \/ Yoast SEO plugin. -->","yoast_head_json":{"title":"Carrito &#8226; Dr Wine","description":"Carrito","robots":{"index":"index","follow":"follow","max-snippet":"max-snippet:-1","max-image-preview":"max-image-preview:large","max-video-preview":"max-video-preview:-1"},"canonical":"https:\/\/drwine.com.mx\/en\/carrito\/","og_locale":"en_US","og_type":"article","og_title":"Carrito &#8226; Dr Wine","og_description":"Carrito","og_url":"https:\/\/drwine.com.mx\/en\/carrito\/","og_site_name":"Dr Wine","article_publisher":"https:\/\/www.facebook.com\/Dr-Wine-110103141329292","article_modified_time":"2024-05-11T14:51:35+00:00","og_image":[{"url":"https:\/\/drwine.com.mx\/wp-content\/uploads\/2021\/04\/icono-envio-gratis.png","type":"","width":"","height":""}],"twitter_card":"summary_large_image","twitter_misc":{"Est. reading time":"2 minutes"},"schema":{"@context":"https:\/\/schema.org","@graph":[{"@type":"WebPage","@id":"https:\/\/drwine.com.mx\/carrito\/","url":"https:\/\/drwine.com.mx\/carrito\/","name":"Carrito &#8226; Dr Wine","isPartOf":{"@id":"https:\/\/drwine.com.mx\/#website"},"primaryImageOfPage":{"@id":"https:\/\/drwine.com.mx\/carrito\/#primaryimage"},"image":{"@id":"https:\/\/drwine.com.mx\/carrito\/#primaryimage"},"thumbnailUrl":"https:\/\/drwine.com.mx\/wp-content\/uploads\/2021\/04\/icono-envio-gratis.png","datePublished":"2021-04-14T20:54:24+00:00","dateModified":"2024-05-11T14:51:35+00:00","description":"Carrito","breadcrumb":{"@id":"https:\/\/drwine.com.mx\/carrito\/#breadcrumb"},"inLanguage":"en-US","potentialAction":[{"@type":"ReadAction","target":["https:\/\/drwine.com.mx\/carrito\/"]}]},{"@type":"ImageObject","inLanguage":"en-US","@id":"https:\/\/drwine.com.mx\/carrito\/#primaryimage","url":"https:\/\/drwine.com.mx\/wp-content\/uploads\/2021\/04\/icono-envio-gratis.png","contentUrl":"https:\/\/drwine.com.mx\/wp-content\/uploads\/2021\/04\/icono-envio-gratis.png"},{"@type":"BreadcrumbList","@id":"https:\/\/drwine.com.mx\/carrito\/#breadcrumb","itemListElement":[{"@type":"ListItem","position":1,"name":"Vinos","item":"https:\/\/drwine.com.mx\/"},{"@type":"ListItem","position":2,"name":"Carrito"}]},{"@type":"WebSite","@id":"https:\/\/drwine.com.mx\/#website","url":"https:\/\/drwine.com.mx\/","name":"Dr Wine","description":"Tienda de Vinos en Playa del Carmen y Cancun","publisher":{"@id":"https:\/\/drwine.com.mx\/#organization"},"alternateName":"Vinos de Playa del Carmen","potentialAction":[{"@type":"SearchAction","target":{"@type":"EntryPoint","urlTemplate":"https:\/\/drwine.com.mx\/?s={search_term_string}"},"query-input":{"@type":"PropertyValueSpecification","valueRequired":true,"valueName":"search_term_string"}}],"inLanguage":"en-US"},{"@type":"Organization","@id":"https:\/\/drwine.com.mx\/#organization","name":"Dr Wine","alternateName":"Drwine","url":"https:\/\/drwine.com.mx\/","logo":{"@type":"ImageObject","inLanguage":"en-US","@id":"https:\/\/drwine.com.mx\/#\/schema\/logo\/image\/","url":"https:\/\/drwine.com.mx\/wp-content\/uploads\/2021\/04\/Logo-03.png","contentUrl":"https:\/\/drwine.com.mx\/wp-content\/uploads\/2021\/04\/Logo-03.png","width":1028,"height":675,"caption":"Dr Wine"},"image":{"@id":"https:\/\/drwine.com.mx\/#\/schema\/logo\/image\/"},"sameAs":["https:\/\/www.facebook.com\/Dr-Wine-110103141329292"]}]}},"jetpack_sharing_enabled":true,"_links":{"self":[{"href":"https:\/\/drwine.com.mx\/en\/wp-json\/wp\/v2\/pages\/14","targetHints":{"allow":["GET"]}}],"collection":[{"href":"https:\/\/drwine.com.mx\/en\/wp-json\/wp\/v2\/pages"}],"about":[{"href":"https:\/\/drwine.com.mx\/en\/wp-json\/wp\/v2\/types\/page"}],"author":[{"embeddable":true,"href":"https:\/\/drwine.com.mx\/en\/wp-json\/wp\/v2\/users\/91"}],"replies":[{"embeddable":true,"href":"https:\/\/drwine.com.mx\/en\/wp-json\/wp\/v2\/comments?post=14"}],"version-history":[{"count":1,"href":"https:\/\/drwine.com.mx\/en\/wp-json\/wp\/v2\/pages\/14\/revisions"}],"predecessor-version":[{"id":11362,"href":"https:\/\/drwine.com.mx\/en\/wp-json\/wp\/v2\/pages\/14\/revisions\/11362"}],"wp:attachment":[{"href":"https:\/\/drwine.com.mx\/en\/wp-json\/wp\/v2\/media?parent=14"}],"curies":[{"name":"wp","href":"https:\/\/api.w.org\/{rel}","templated":true}]}}